{"id":47,"date":"2021-05-16T08:18:04","date_gmt":"2021-05-16T08:18:04","guid":{"rendered":"https:\/\/dsh-metallbearbeitung.de\/?page_id=47"},"modified":"2021-05-17T07:40:00","modified_gmt":"2021-05-17T07:40:00","slug":"unsere-leistungen","status":"publish","type":"page","link":"https:\/\/dsh-metallbearbeitung.de\/index.php\/unsere-leistungen\/","title":{"rendered":"Unsere Leistungen"},"content":{"rendered":"<h1><img loading=\"lazy\" decoding=\"async\" class=\"alignnone size-full wp-image-6\" src=\"https:\/\/dsh-metallbearbeitung.de\/wp-content\/uploads\/2021\/05\/logo-dsh.jpg\" alt=\"\" width=\"224\" height=\"141\" \/><\/h1>\n<h1><\/h1>\n<h1><strong>Unsere Leistungen<\/strong><\/h1>\n<h3><strong>Fertigung mit konventionellen Maschinen<\/strong><\/h3>\n<p>Die vorhandenen konventionellen Maschinen erm\u00f6glichen es uns, Kleinserien sowie ben\u00f6tigte individuelle Ersatzteile zu fertigen.<strong>\u00a0<\/strong><\/p>\n<h3><strong>Fertigung mit CNC-Maschinen<\/strong><\/h3>\n<p>Bei gr\u00f6\u00dferen St\u00fcckzahlen oder Serien kommt der Einsatz unserer CNC-Maschinen zum Tragen, so dass wir Ihnen jederzeit ein interessantes Angebot f\u00fcr Ihre Lohnauftr\u00e4ge machen k\u00f6nnen.<\/p>\n<h3><strong>Lohnarbeit<\/strong><\/h3>\n<p>Lohnarbeit in kleinen und mittelgro\u00dfen Serien<\/p>\n<p>Im Bereich Lohnbearbeitung k\u00f6nnen wir Ihnen Dreh- und Fr\u00e4sbearbeitung, Nutenziehen, Blechzuschnitte und Lohnschwei\u00dfen im Mig-Mag, Wig bzw. Punktschwei\u00dfen und Montage von Baugruppen anbieten.<\/p>\n<p>Selbstverst\u00e4ndlich ist es auch m\u00f6glich, bei Bedarf eine entsprechende Oberfl\u00e4chenbehandlung durchf\u00fchren zu lassen.<strong>\u00a0<\/strong><\/p>\n<h3><strong>Ersatzteile f\u00fcr Produktionsanlagen, Recycling und sonstige Maschinen<\/strong><\/h3>\n<p>Dank unserer jahrelangen Erfahrung im Bereich Maschinenreparatur und vorbeugender Instandsetzung sind wir bef\u00e4higt, Ihren Bedarf an Verschlei\u00df- und Ersatzteilen zur Aufrechterhaltung der Funktionsf\u00e4higkeit Ihrer Maschinen zu erhalten.<\/p>\n<p>Wir fertigen Ersatzteile nach Muster oder Zeichnung.<\/p>\n<p>Gerne beraten wir Sie bei Problemf\u00e4llen auch vor Ort.<\/p>\n<p>&nbsp;<\/p>\n<p>Weitere Informationen k\u00f6nnen Sie \u00fcber unsere <a href=\"https:\/\/dsh-metallbearbeitung.de\/index.php\/26-2\/\">Kontaktseite<\/a> per <a href=\"mailto: info@dsh-metallbearbeitung.de\">E- Mail<\/a> oder <a href=\"tel:+4923359758778\">Telefon<\/a> bei uns erhalten.<\/p>\n","protected":false},"excerpt":{"rendered":"<p>Unsere Leistungen Fertigung mit konventionellen Maschinen Die vorhandenen konventionellen Maschinen erm\u00f6glichen es uns, Kleinserien sowie ben\u00f6tigte individuelle Ersatzteile zu fertigen.\u00a0 Fertigung mit CNC-Maschinen Bei gr\u00f6\u00dferen St\u00fcckzahlen oder Serien kommt der Einsatz unserer CNC-Maschinen zum Tragen, so dass wir Ihnen jederzeit ein interessantes Angebot f\u00fcr Ihre Lohnauftr\u00e4ge machen k\u00f6nnen. Lohnarbeit Lohnarbeit in kleinen und mittelgro\u00dfen Serien [&hellip;]<\/p>\n","protected":false},"author":1,"featured_media":0,"parent":0,"menu_order":0,"comment_status":"closed","ping_status":"closed","template":"","meta":{"footnotes":""},"class_list":["post-47","page","type-page","status-publish","hentry"],"_links":{"self":[{"href":"https:\/\/dsh-metallbearbeitung.de\/index.php\/wp-json\/wp\/v2\/pages\/47","targetHints":{"allow":["GET"]}}],"collection":[{"href":"https:\/\/dsh-metallbearbeitung.de\/index.php\/wp-json\/wp\/v2\/pages"}],"about":[{"href":"https:\/\/dsh-metallbearbeitung.de\/index.php\/wp-json\/wp\/v2\/types\/page"}],"author":[{"embeddable":true,"href":"https:\/\/dsh-metallbearbeitung.de\/index.php\/wp-json\/wp\/v2\/users\/1"}],"replies":[{"embeddable":true,"href":"https:\/\/dsh-metallbearbeitung.de\/index.php\/wp-json\/wp\/v2\/comments?post=47"}],"version-history":[{"count":4,"href":"https:\/\/dsh-metallbearbeitung.de\/index.php\/wp-json\/wp\/v2\/pages\/47\/revisions"}],"predecessor-version":[{"id":65,"href":"https:\/\/dsh-metallbearbeitung.de\/index.php\/wp-json\/wp\/v2\/pages\/47\/revisions\/65"}],"wp:attachment":[{"href":"https:\/\/dsh-metallbearbeitung.de\/index.php\/wp-json\/wp\/v2\/media?parent=47"}],"curies":[{"name":"wp","href":"https:\/\/api.w.org\/{rel}","templated":true}]}}