{"id":2,"date":"2021-05-11T10:31:18","date_gmt":"2021-05-11T10:31:18","guid":{"rendered":"https:\/\/dsh-metallbearbeitung.de\/?page_id=2"},"modified":"2021-06-05T06:39:07","modified_gmt":"2021-06-05T06:39:07","slug":"sample-page","status":"publish","type":"page","link":"https:\/\/dsh-metallbearbeitung.de\/index.php\/sample-page\/","title":{"rendered":"\u00dcber uns"},"content":{"rendered":"<!--[container_effect]--> <style>\n@media (max-width: 767px) {.bd-containereffect-1747603332{margin-top:-66px}}<\/style><div class=\"container-effect container  bd-containereffect-1747603332 \"><!--{content}--><!--[html]--><style>\n@media (max-width: 767px) {.additional-class-1428129762{margin-top:-66px;height:510px;}}\n@media (max-width: 767px) {.additional-class-1428129762{margin-top:0}}<\/style><style><\/style><div class=\"bd-tagstyles  additional-class-1428129762 \"><div class=\"bd-container-inner bd-content-element\"><!--{content}--><p><\/p>\n<!-- wp:paragraph -->\n<p><img loading=\"lazy\" decoding=\"async\" class=\"alignnone size-full wp-image-6\" src=\"https:\/\/dsh-metallbearbeitung.de\/wp-content\/uploads\/2021\/05\/logo-dsh.jpg\" alt=\"\" width=\"224\" height=\"141\"><\/p>\n<p><strong>L\u00f6sungen f\u00fcr Einkauf und Konstruktion<\/strong><strong>&nbsp;<\/strong><\/p>\n<p><strong>&nbsp;<\/strong><\/p>\n<p>Das Unternehmen DSH-Metallbearbeitung u. Maschinenbau wurde 2017 von<\/p>\n<p>Herrn Helge R\u00fcter gegr\u00fcndet und wir sind seitdem ein etabliertes und erfolgreich gef\u00fchrtes und arbeitendes Dienstleistungsunternehmen.<\/p>\n<p>Ein hochmotiviertes Team arbeitet mit \u00fcberzeugender Qualit\u00e4t und Zuverl\u00e4ssigkeit, welches sich t\u00e4glich mit den W\u00fcnschen und Bed\u00fcrfnissen unserer Kunden besch\u00e4ftigt.<\/p>\n<p>Unsere Erfahrung, unsere st\u00e4ndigen Innovationen und die Kooperation mit einer Vielzahl von Kunden, stehen f\u00fcr Optimierung von Prozessen und einfach zu l\u00f6sende Fertigungsprobleme.<\/p>\n<p>Wir tragen den Bed\u00fcrfnissen und Erwartungen unserer Kunden Rechnung, durch unser breites Wissensspektrum sichern wir die vollst\u00e4ndige Erf\u00fcllung vern\u00fcnftiger Kundenforderungen mit dem Ziel das Unm\u00f6gliche m\u00f6glich zu machen gepaart mit hohen Anspr\u00fcchen an uns selbst und vern\u00fcnftiger Preispolitik.<\/p>\n<p>&nbsp;<\/p>\n<!-- \/wp:paragraph -->\n<p><\/p><!--{\/content}--><\/div><\/div><!--[\/html]--><!--{\/content}--><\/div><!--[\/container_effect]-->\n","protected":false},"excerpt":{"rendered":"","protected":false},"author":1,"featured_media":0,"parent":0,"menu_order":0,"comment_status":"closed","ping_status":"closed","template":"","meta":{"footnotes":""},"class_list":["post-2","page","type-page","status-publish","hentry"],"_links":{"self":[{"href":"https:\/\/dsh-metallbearbeitung.de\/index.php\/wp-json\/wp\/v2\/pages\/2","targetHints":{"allow":["GET"]}}],"collection":[{"href":"https:\/\/dsh-metallbearbeitung.de\/index.php\/wp-json\/wp\/v2\/pages"}],"about":[{"href":"https:\/\/dsh-metallbearbeitung.de\/index.php\/wp-json\/wp\/v2\/types\/page"}],"author":[{"embeddable":true,"href":"https:\/\/dsh-metallbearbeitung.de\/index.php\/wp-json\/wp\/v2\/users\/1"}],"replies":[{"embeddable":true,"href":"https:\/\/dsh-metallbearbeitung.de\/index.php\/wp-json\/wp\/v2\/comments?post=2"}],"version-history":[{"count":11,"href":"https:\/\/dsh-metallbearbeitung.de\/index.php\/wp-json\/wp\/v2\/pages\/2\/revisions"}],"predecessor-version":[{"id":99,"href":"https:\/\/dsh-metallbearbeitung.de\/index.php\/wp-json\/wp\/v2\/pages\/2\/revisions\/99"}],"wp:attachment":[{"href":"https:\/\/dsh-metallbearbeitung.de\/index.php\/wp-json\/wp\/v2\/media?parent=2"}],"curies":[{"name":"wp","href":"https:\/\/api.w.org\/{rel}","templated":true}]}}